{"id":16,"date":"2014-03-26T22:15:08","date_gmt":"2014-03-26T22:15:08","guid":{"rendered":"http:\/\/its-conf.org\/2014\/?page_id=16"},"modified":"2025-09-11T09:07:02","modified_gmt":"2025-09-11T09:07:02","slug":"committees","status":"publish","type":"page","link":"https:\/\/digitaltransformation-conf.org\/oldconferences\/2025\/committees\/","title":{"rendered":"Committees"},"content":{"rendered":"<p><strong>Program Co-Chairs<\/strong><\/p>\n<p>Pedro Isaias, Universidade Aberta (Portuguese Open University), Portugal<\/p>\n<p>Paula Miranda, School of Technology, Setubal Polytechnic University, Portugal<\/p>\n<p>&nbsp;<\/p>\n<p><strong>MCCSIS General Conference Chair<\/strong><\/p>\n<p>Piet Kommers, UNESCO Professor of Educational Technology, The Netherlands<\/p>\n<p>&nbsp;<\/p>\n<p><strong>Committee Members<\/strong><\/p>\n<p>Abdul Rahman Abdel Razek, Fraunhofer IAO, Germany<br \/>\nAbeer Alkhwaldi, Mutah University, Jordan<br \/>\nAlessandra Costa, University of Messina, Italy<br \/>\nAmor Jim\u00e9nez, University of Huelva, Spain<br \/>\nAntonio Cimino, University of Messina, Italy<br \/>\nAntonio Crupi, University of Messina, Italy<br \/>\nAyse Asl\u0131 Bozdag, Bahcesehir University, Turkey<br \/>\nBeata Gavurova, Charles University in Prague, Czech Republic<br \/>\nBudi Setiawan, Indo Global Mandiri University, Indonesia<br \/>\nChun-Nan Lin, National Kaohsiung University of Hospitality and Tourism, Taiwan<br \/>\nCristina\u00a0Alcaide Mu\u00f1oz, University of Granada, Spain<br \/>\nCristina Mazas, University Eropea del Atlantico, Spain<br \/>\nDaniele Doneddu, Swansea University, United Kingdom<br \/>\nDebora Di Caprio, University of Trento, Italy<br \/>\nDomitilla Magni, Catholic University of the Sacred Heart, Italy<br \/>\nElvira Ismagilova, Swansea University, United Kingdom<br \/>\nEncarnaci\u00f3n Manresa, University of Alicante, Spain<br \/>\nFederica Murmura, University of Urbino Carlo Bo, Italy<br \/>\nFrancisco J. Santos-Arteaga, Universidad Complutense de Madrid, Spain<br \/>\nGiada Pierli, University of Urbino Carlo Bo, Italy<br \/>\nGiuseppe Basile, University of Foggia, Italy<br \/>\nGiuseppe Lanfranchi, University of Messina, Italy<br \/>\nHanlie Smuts, University of Pretoria, South Africa<br \/>\nHsiao-Hui Li, National Kaohsiung University of Science and Technology, Taiwan<br \/>\n\u0130nci Toral, University of Birmingham, United Kingdom<br \/>\nInga Schl\u00f6mer, IU International University of Applied Sciences, Germany<br \/>\nInna Alexeeva-Alexeev, University of Cantabria, Spain<br \/>\nJinou Xu, Politecnico di Milano, Italy<br \/>\nJitendra Yadav, Indian Institute of Management Bodh Gaya, India<br \/>\nKatarzyna Turo\u0144, Silesian University of Technology, Poland<br \/>\nLaura Bravi, University of Urbino Carlo Bo, Italy<br \/>\nLuigi Piper, University of Salento, Italy<br \/>\nLuisa Varriale, University Degli Studi Di Napoli \u201cparthenope\u201d, Italy<br \/>\nManzoor Ahmad, University of Southampton Malaysia, Malaysia<br \/>\nMaria Fekete-farkas, Hungarian University of Agriculture and Life Science, Hungary<br \/>\nMaria Frasca, University of Milan, Italy<br \/>\nMichael Dzandu, University of Westminster, United Kingdom<br \/>\nNastaran Hajiheydari, Queen Mary University of London, United Kingdom<br \/>\nOmar Hujran, United Arab Emirates University, United Arab Emirates<br \/>\nRaquel Mar\u00edn Sanz, Universidad Complutense de Madrid, Spain<br \/>\nRobert Jeyakumar Nathan, Multimedia University, Malaysia<br \/>\nRodrigo Ferreira, Dataprev, Brazil<br \/>\nRosa Curr\u00e1s-M\u00f3stoles, Universitat Polit\u00e8cnica de Val\u00e8ncia, Spain<br \/>\nSarah Montano, University of Birmingham, United Kingdom<br \/>\nSelcen Ozturkcan, Linnaeus University, Sweden<br \/>\nVitaliy Kobets, Kherson State University, Ukraine<br \/>\nYuan-Hsun Liao, Tunghai University, Taiwan<br \/>\nYunxing Song, Henan University of Economics and Law, China<\/p>\n<p>&nbsp;<\/p>\n","protected":false},"excerpt":{"rendered":"<p>Program Co-Chairs Pedro Isaias, Universidade Aberta (Portuguese Open University), Portugal Paula Miranda, School of Technology, Setubal Polytechnic University, Portugal &nbsp; MCCSIS General Conference Chair Piet Kommers, UNESCO Professor of Educational Technology, The Netherlands &nbsp; Committee Members Abdul Rahman Abdel Razek, Fraunhofer IAO, Germany Abeer Alkhwaldi, Mutah University, Jordan Alessandra Costa, University of Messina, Italy Amor [&hellip;]<\/p>\n","protected":false},"author":1,"featured_media":0,"parent":0,"menu_order":0,"comment_status":"closed","ping_status":"closed","template":"","meta":{"footnotes":""},"class_list":["post-16","page","type-page","status-publish","hentry"],"_links":{"self":[{"href":"https:\/\/digitaltransformation-conf.org\/oldconferences\/2025\/wp-json\/wp\/v2\/pages\/16","targetHints":{"allow":["GET"]}}],"collection":[{"href":"https:\/\/digitaltransformation-conf.org\/oldconferences\/2025\/wp-json\/wp\/v2\/pages"}],"about":[{"href":"https:\/\/digitaltransformation-conf.org\/oldconferences\/2025\/wp-json\/wp\/v2\/types\/page"}],"author":[{"embeddable":true,"href":"https:\/\/digitaltransformation-conf.org\/oldconferences\/2025\/wp-json\/wp\/v2\/users\/1"}],"replies":[{"embeddable":true,"href":"https:\/\/digitaltransformation-conf.org\/oldconferences\/2025\/wp-json\/wp\/v2\/comments?post=16"}],"version-history":[{"count":121,"href":"https:\/\/digitaltransformation-conf.org\/oldconferences\/2025\/wp-json\/wp\/v2\/pages\/16\/revisions"}],"predecessor-version":[{"id":2496,"href":"https:\/\/digitaltransformation-conf.org\/oldconferences\/2025\/wp-json\/wp\/v2\/pages\/16\/revisions\/2496"}],"wp:attachment":[{"href":"https:\/\/digitaltransformation-conf.org\/oldconferences\/2025\/wp-json\/wp\/v2\/media?parent=16"}],"curies":[{"name":"wp","href":"https:\/\/api.w.org\/{rel}","templated":true}]}}